{"id":86994,"date":"2022-02-28T09:55:45","date_gmt":"2022-02-28T09:55:45","guid":{"rendered":"https:\/\/www.masharel.com\/?page_id=86994"},"modified":"2023-03-28T06:32:53","modified_gmt":"2023-03-28T06:32:53","slug":"politika-kolacica","status":"publish","type":"page","link":"https:\/\/www.masharel.com\/hr\/politika-kolacica\/","title":{"rendered":"Politika kola\u010di\u0107a"},"content":{"rendered":"<div class=\"fusion-fullwidth fullwidth-box fusion-builder-row-1 fusion-flex-container nonhundred-percent-fullwidth non-hundred-percent-height-scrolling\" style=\"--awb-border-radius-top-left:0px;--awb-border-radius-top-right:0px;--awb-border-radius-bottom-right:0px;--awb-border-radius-bottom-left:0px;--awb-flex-wrap:wrap;\" ><div class=\"fusion-builder-row fusion-row fusion-flex-align-items-flex-start fusion-flex-content-wrap\" style=\"max-width:1216.8px;margin-left: calc(-4% \/ 2 );margin-right: calc(-4% \/ 2 );\"><div class=\"fusion-layout-column fusion_builder_column fusion-builder-column-0 fusion_builder_column_1_1 1_1 fusion-flex-column\" style=\"--awb-bg-blend:overlay;--awb-bg-size:cover;--awb-width-large:100%;--awb-margin-top-large:0px;--awb-spacing-right-large:1.92%;--awb-margin-bottom-large:0px;--awb-spacing-left-large:1.92%;--awb-width-medium:100%;--awb-spacing-right-medium:1.92%;--awb-spacing-left-medium:1.92%;--awb-width-small:100%;--awb-spacing-right-small:1.92%;--awb-spacing-left-small:1.92%;\"><div class=\"fusion-column-wrapper fusion-flex-justify-content-flex-start fusion-content-layout-column\"><div class=\"fusion-text fusion-text-1\" style=\"--awb-font-size:16px;--awb-line-height:1.75;--awb-text-color:#000000;--awb-text-font-family:&quot;Montserrat&quot;;--awb-text-font-style:normal;--awb-text-font-weight:400;\"><div class=\"cli_pg_page_contaner\">\n<h3>Politika kola\u010di\u0107a<\/h3>\n<div>\n<p>Ova Pravila o kola\u010di\u0107ima obja\u0161njavaju \u0161to su kola\u010di\u0107i i kako ih koristimo, vrste kola\u010di\u0107a koje koristimo, tj. podatke koje prikupljamo pomo\u0107u kola\u010di\u0107a i kako se te informacije koriste, te kako kontrolirati postavke kola\u010di\u0107a. Za dodatne informacije o tome kako koristimo, pohranjujemo i \u010duvamo va\u0161e osobne podatke, pogledajte na\u0161a <a href=\"https:\/\/www.masharel.com\/hr\/pravila-privatnosti\/\" target=\"_blank\" rel=\"noopener\">Pravila o privatnosti<\/a>.<\/p>\n<p>U bilo kojem trenutku mo\u017eete promijeniti ili povu\u0107i svoj pristanak iz Izjave o kola\u010di\u0107ima na na\u0161oj web stranici<br \/>\nSaznajte vi\u0161e o tome tko smo mi, kako nas mo\u017eete kontaktirati i kako obra\u0111ujemo osobne podatke u na\u0161im Pravilima privatnosti.<br \/>\nVa\u0161 se pristanak odnosi na sljede\u0107e domene: www.masharel.com<div class=\"cli_user_consent_state\">Va\u0161e trenutno stanje: Nema pristanka. <a class=\"cli_manage_current_consent\" style=\"cursor:pointer;text-decoration:underline;\">Upravljajte svojim pristankom.<\/a> <\/div>\n<\/div>\n<h3>\u0160to su kola\u010di\u0107i ?<\/h3>\n<div>Kola\u010di\u0107i su male tekstualne datoteke koje se koriste za pohranu malih dijelova informacija. Pohranjuju se na va\u0161em ure\u0111aju kada se web stranica u\u010ditava u va\u0161em pregledniku. Kola\u010di\u0107i nam poma\u017eu da web stranica ispravno funkcionira, u\u010dine je sigurnijom, pru\u017eaju bolje korisni\u010dko iskustvo i razumiju kako web stranica radi te analizira \u0161to radi i koje dijelove stranice treba pobolj\u0161ati.<\/div>\n<h3>Kako koristimo kola\u010di\u0107e ?<\/h3>\n<div>\n<p>Kao i ve\u0107ina online usluga, na\u0161a web stranica koristi kola\u010di\u0107e prve i tre\u0107e strane u nekoliko namjena. Kola\u010di\u0107i prve strane uglavnom su nu\u017eni za ispravno funkcioniranje web stranice i ne prikupljaju va\u0161e osobne podatke.<\/p>\n<p>Kola\u010di\u0107i tre\u0107ih strana koji se koriste na na\u0161oj web stranici uglavnom slu\u017ee za razumijevanje na\u010dina na koji web-stranica radi, kako komunicirate s na\u0161om web-stranicom, osiguravaju\u0107i sigurnosti na\u0161ih usluga, pru\u017eanja reklama koje su relevantne za vas i sve u svemu da vam pru\u017ee bolje i pobolj\u0161ano iskustvo kori\u0161tenja na\u0161e web-stranice i pomo\u0107i vam da ubrzate svoju budu\u0107u interakciju s na\u0161om web-stranicom.<\/p>\n<\/div>\n<h3>Koje vrste kola\u010di\u0107a koristimo ?<\/h3>\n<div>\n<p><strong>Nu\u017eni:<\/strong> Neki kola\u010di\u0107i su neophodni da biste mogli iskusiti punu funkcionalnost na\u0161e stranice. Omogu\u0107uju nam odr\u017eavanje korisni\u010dkih sesija i sprje\u010davanje bilo kakvih sigurnosnih prijetnji. Ne prikupljaju niti pohranjuju nikakve osobne podatke.<\/p>\n<p>Statistika: Ovi kola\u010di\u0107i pohranjuju informacije kao \u0161to su broj posjetitelja web stranice, broj jedinstvenih posjetitelja, koje su stranice web stranice posje\u0107ene, izvor posjeta, itd. Ti nam podaci poma\u017eu razumjeti i analizirati koliko dobro funkcionira web stranica i gdje treba pobolj\u0161ati.<\/p>\n<p>Marketing: Na\u0161a web stranica prikazuje reklame. Ovi kola\u010di\u0107i se koriste za personalizaciju reklama koje vam prikazujemo kako bi vam bile zna\u010dajne. Ovi kola\u010di\u0107i nam tako\u0111er poma\u017eu pratiti u\u010dinkovitost ovih oglasnih kampanja.<br \/>\nPodatke pohranjene u ovim kola\u010di\u0107ima tako\u0111er mogu koristiti tre\u0107e strane davatelji oglasa kako bi vam prikazali oglase i na drugim web stranicama u pregledniku.<\/p>\n<p>Funkcionalni: To su kola\u010di\u0107i koji poma\u017eu odre\u0111enim nebitnim funkcijama na na\u0161oj web stranici. Te funkcionalnosti uklju\u010duju ugra\u0111ivanje sadr\u017eaja poput videozapisa ili dijeljenje sadr\u017eaja web stranice na platformama dru\u0161tvenih medija.<\/p>\n<p>Postavke: Ovi kola\u010di\u0107i nam poma\u017eu pohraniti va\u0161e postavke i postavke pregledavanja kao \u0161to su jezi\u010dne postavke, tako da imate bolje i u\u010dinkovitije iskustvo pri budu\u0107im posjetima web stranici.<p>The below list details the cookies used in our website.<\/p><table class=\"cookielawinfo-row-cat-table cookielawinfo-classic\"><thead><tr><th class=\"cookielawinfo-column-1\">Kola\u010di\u0107<\/th><th class=\"cookielawinfo-column-4\">Opis<\/th><\/tr><\/thead><tbody><tr class=\"cookielawinfo-row\"><td class=\"cookielawinfo-column-1\">_ga<\/td><td class=\"cookielawinfo-column-4\">The _ga cookie, installed by Google Analytics, calculates visitor, session and campaign data and also keeps track of site usage for the site's analytics report. The cookie stores information anonymously and assigns a randomly generated number to recognize unique visitors.<\/td><\/tr><tr class=\"cookielawinfo-row\"><td class=\"cookielawinfo-column-1\">_ga_294564306<\/td><td class=\"cookielawinfo-column-4\">This cookie is installed by Google Analytics.<\/td><\/tr><tr class=\"cookielawinfo-row\"><td class=\"cookielawinfo-column-1\">_ga_G9XDHBCRT3<\/td><td class=\"cookielawinfo-column-4\">This cookie is installed by Google Analytics.<\/td><\/tr><tr class=\"cookielawinfo-row\"><td class=\"cookielawinfo-column-1\">_gat_gtag_UA_71700919_2<\/td><td class=\"cookielawinfo-column-4\">Set by Google to distinguish users.<\/td><\/tr><tr class=\"cookielawinfo-row\"><td class=\"cookielawinfo-column-1\">_gid<\/td><td class=\"cookielawinfo-column-4\">Installed by Google Analytics, _gid cookie stores information on how visitors use a website, while also creating an analytics report of the website's performance. Some of the data that are collected include the number of visitors, their source, and the pages they visit anonymously.<\/td><\/tr><tr class=\"cookielawinfo-row\"><td class=\"cookielawinfo-column-1\">cookielawinfo-checkbox-advertisement<\/td><td class=\"cookielawinfo-column-4\">Set by the GDPR Cookie Consent plugin, this cookie is used to record the user consent for the cookies in the \"Advertisement\" category .<\/td><\/tr><tr class=\"cookielawinfo-row\"><td class=\"cookielawinfo-column-1\">cookielawinfo-checkbox-analytics<\/td><td class=\"cookielawinfo-column-4\">This cookie is set by GDPR Cookie Consent plugin. The cookie is used to store the user consent for the cookies in the category \"Analytics\".<\/td><\/tr><tr class=\"cookielawinfo-row\"><td class=\"cookielawinfo-column-1\">cookielawinfo-checkbox-functional<\/td><td class=\"cookielawinfo-column-4\">The cookie is set by GDPR cookie consent to record the user consent for the cookies in the category \"Functional\".<\/td><\/tr><tr class=\"cookielawinfo-row\"><td class=\"cookielawinfo-column-1\">cookielawinfo-checkbox-necessary<\/td><td class=\"cookielawinfo-column-4\">This cookie is set by GDPR Cookie Consent plugin. The cookies is used to store the user consent for the cookies in the category \"Necessary\".<\/td><\/tr><tr class=\"cookielawinfo-row\"><td class=\"cookielawinfo-column-1\">cookielawinfo-checkbox-others<\/td><td class=\"cookielawinfo-column-4\">This cookie is set by GDPR Cookie Consent plugin. The cookie is used to store the user consent for the cookies in the category \"Other.<\/td><\/tr><tr class=\"cookielawinfo-row\"><td class=\"cookielawinfo-column-1\">cookielawinfo-checkbox-performance<\/td><td class=\"cookielawinfo-column-4\">This cookie is set by GDPR Cookie Consent plugin. The cookie is used to store the user consent for the cookies in the category \"Performance\".<\/td><\/tr><tr class=\"cookielawinfo-row\"><td class=\"cookielawinfo-column-1\">CookieLawInfoConsent<\/td><td class=\"cookielawinfo-column-4\">Records the default button state of the corresponding category &amp; the status of CCPA. It works only in coordination with the primary cookie.<\/td><\/tr><tr class=\"cookielawinfo-row\"><td class=\"cookielawinfo-column-1\">Google Tag Manager<\/td><td class=\"cookielawinfo-column-4\">Ovi kola\u010di\u0107i se koriste za pra\u0107enje pona\u0161anja korisnika na web stranici kako bi se razumjela izvedba i doseg web stranice.<\/td><\/tr><tr class=\"cookielawinfo-row\"><td class=\"cookielawinfo-column-1\">NID<\/td><td class=\"cookielawinfo-column-4\">NID cookie, set by Google, is used for advertising purposes; to limit the number of times the user sees an ad, to mute unwanted ads, and to measure the effectiveness of ads.<\/td><\/tr><tr class=\"cookielawinfo-row\"><td class=\"cookielawinfo-column-1\">PH_HPXY_CHECK<\/td><td class=\"cookielawinfo-column-4\">This cookie is used to save the information about the current session.<\/td><\/tr><tr class=\"cookielawinfo-row\"><td class=\"cookielawinfo-column-1\">viewed_cookie_policy<\/td><td class=\"cookielawinfo-column-4\">The cookie is set by the GDPR Cookie Consent plugin and is used to store whether or not user has consented to the use of cookies. It does not store any personal data.<\/td><\/tr><\/tbody><\/table>\n<\/p><\/div>\n<h3>Kako mogu kontrolirati postavke kola\u010di\u0107a?<\/h3>\n<div>\n<p>Ako odlu\u010dite promijeniti svoje postavke kasnije tijekom sesije pregledavanja, mo\u017eete kliknuti na &#8220;Postavke kola\u010di\u0107a&#8221; tab na va\u0161em ekranu. Ovo \u0107e ponovno prikazati obavijest o pristanku koja vam omogu\u0107uje da promijenite svoje postavke ili u potpunosti povu\u010dete privolu.<\/p>\n<p>Osim toga, razli\u010diti preglednici pru\u017eaju razli\u010dite metode za blokiranje i brisanje kola\u010di\u0107a koje koriste web-mjesta. Mo\u017eete promijeniti postavke svog preglednika da blokirate\/bri\u0161ete kola\u010di\u0107e. Da biste saznali vi\u0161e o tome kako upravljati i brisati kola\u010di\u0107e, posjetite wikipedia.org, www.allaboutcookies.org.<\/p>\n<\/div>\n<\/div>\n<\/div><\/div><\/div><\/div><\/div>\n","protected":false},"excerpt":{"rendered":"","protected":false},"author":1,"featured_media":0,"parent":0,"menu_order":0,"comment_status":"closed","ping_status":"closed","template":"100-width.php","meta":{"_monsterinsights_skip_tracking":false,"_monsterinsights_sitenote_active":false,"_monsterinsights_sitenote_note":"","_monsterinsights_sitenote_category":0,"footnotes":""},"class_list":["post-86994","page","type-page","status-publish","hentry"],"yoast_head":"<!-- This site is optimized with the Yoast SEO plugin v26.7 - https:\/\/yoast.com\/wordpress\/plugins\/seo\/ -->\n<title>Politika kola\u010di\u0107a | Masharel<\/title>\n<meta name=\"robots\" content=\"index, follow, max-snippet:-1, max-image-preview:large, max-video-preview:-1\" \/>\n<link rel=\"canonical\" href=\"https:\/\/www.masharel.com\/hr\/politika-kolacica\/\" \/>\n<meta property=\"og:locale\" content=\"hr_HR\" \/>\n<meta property=\"og:type\" content=\"article\" \/>\n<meta property=\"og:title\" content=\"Politika kola\u010di\u0107a | Masharel\" \/>\n<meta property=\"og:url\" content=\"https:\/\/www.masharel.com\/hr\/politika-kolacica\/\" \/>\n<meta property=\"og:site_name\" content=\"Masharel\" \/>\n<meta property=\"article:publisher\" content=\"https:\/\/www.facebook.com\/masharel.btxcure\" \/>\n<meta property=\"article:modified_time\" content=\"2023-03-28T06:32:53+00:00\" \/>\n<meta property=\"og:image\" content=\"https:\/\/www.masharel.com\/wp-content\/uploads\/2021\/11\/240000741_361502212111338_4565111226887082922_n.jpg\" \/>\n\t<meta property=\"og:image:width\" content=\"1440\" \/>\n\t<meta property=\"og:image:height\" content=\"1440\" \/>\n\t<meta property=\"og:image:type\" content=\"image\/jpeg\" \/>\n<meta name=\"twitter:card\" content=\"summary_large_image\" \/>\n<meta name=\"twitter:label1\" content=\"Procijenjeno vrijeme \u010ditanja\" \/>\n\t<meta name=\"twitter:data1\" content=\"4 minute\" \/>\n<script type=\"application\/ld+json\" class=\"yoast-schema-graph\">{\"@context\":\"https:\/\/schema.org\",\"@graph\":[{\"@type\":\"WebPage\",\"@id\":\"https:\/\/www.masharel.com\/hr\/politika-kolacica\/\",\"url\":\"https:\/\/www.masharel.com\/hr\/politika-kolacica\/\",\"name\":\"Politika kola\u010di\u0107a | Masharel\",\"isPartOf\":{\"@id\":\"https:\/\/www.masharel.com\/hr\/#website\"},\"datePublished\":\"2022-02-28T09:55:45+00:00\",\"dateModified\":\"2023-03-28T06:32:53+00:00\",\"breadcrumb\":{\"@id\":\"https:\/\/www.masharel.com\/hr\/politika-kolacica\/#breadcrumb\"},\"inLanguage\":\"hr\",\"potentialAction\":[{\"@type\":\"ReadAction\",\"target\":[\"https:\/\/www.masharel.com\/hr\/politika-kolacica\/\"]}]},{\"@type\":\"BreadcrumbList\",\"@id\":\"https:\/\/www.masharel.com\/hr\/politika-kolacica\/#breadcrumb\",\"itemListElement\":[{\"@type\":\"ListItem\",\"position\":1,\"name\":\"Po\u010detna stranica\",\"item\":\"https:\/\/www.masharel.com\/hr\/\"},{\"@type\":\"ListItem\",\"position\":2,\"name\":\"Politika kola\u010di\u0107a\"}]},{\"@type\":\"WebSite\",\"@id\":\"https:\/\/www.masharel.com\/hr\/#website\",\"url\":\"https:\/\/www.masharel.com\/hr\/\",\"name\":\"Masharel\",\"description\":\"BTX Cure\",\"publisher\":{\"@id\":\"https:\/\/www.masharel.com\/hr\/#organization\"},\"potentialAction\":[{\"@type\":\"SearchAction\",\"target\":{\"@type\":\"EntryPoint\",\"urlTemplate\":\"https:\/\/www.masharel.com\/hr\/?s={search_term_string}\"},\"query-input\":{\"@type\":\"PropertyValueSpecification\",\"valueRequired\":true,\"valueName\":\"search_term_string\"}}],\"inLanguage\":\"hr\"},{\"@type\":\"Organization\",\"@id\":\"https:\/\/www.masharel.com\/hr\/#organization\",\"name\":\"Masharel BTXCURE\",\"url\":\"https:\/\/www.masharel.com\/hr\/\",\"logo\":{\"@type\":\"ImageObject\",\"inLanguage\":\"hr\",\"@id\":\"https:\/\/www.masharel.com\/hr\/#\/schema\/logo\/image\/\",\"url\":\"\",\"contentUrl\":\"\",\"caption\":\"Masharel BTXCURE\"},\"image\":{\"@id\":\"https:\/\/www.masharel.com\/hr\/#\/schema\/logo\/image\/\"},\"sameAs\":[\"https:\/\/www.facebook.com\/masharel.btxcure\",\"https:\/\/www.instagram.com\/masharel.btxcure\/\",\"https:\/\/www.youtube.com\/channel\/UC0sfqZ56r_LLC_JbDPFG0Tw\"]}]}<\/script>\n<!-- \/ Yoast SEO plugin. -->","yoast_head_json":{"title":"Politika kola\u010di\u0107a | Masharel","robots":{"index":"index","follow":"follow","max-snippet":"max-snippet:-1","max-image-preview":"max-image-preview:large","max-video-preview":"max-video-preview:-1"},"canonical":"https:\/\/www.masharel.com\/hr\/politika-kolacica\/","og_locale":"hr_HR","og_type":"article","og_title":"Politika kola\u010di\u0107a | Masharel","og_url":"https:\/\/www.masharel.com\/hr\/politika-kolacica\/","og_site_name":"Masharel","article_publisher":"https:\/\/www.facebook.com\/masharel.btxcure","article_modified_time":"2023-03-28T06:32:53+00:00","og_image":[{"width":1440,"height":1440,"url":"https:\/\/www.masharel.com\/wp-content\/uploads\/2021\/11\/240000741_361502212111338_4565111226887082922_n.jpg","type":"image\/jpeg"}],"twitter_card":"summary_large_image","twitter_misc":{"Procijenjeno vrijeme \u010ditanja":"4 minute"},"schema":{"@context":"https:\/\/schema.org","@graph":[{"@type":"WebPage","@id":"https:\/\/www.masharel.com\/hr\/politika-kolacica\/","url":"https:\/\/www.masharel.com\/hr\/politika-kolacica\/","name":"Politika kola\u010di\u0107a | Masharel","isPartOf":{"@id":"https:\/\/www.masharel.com\/hr\/#website"},"datePublished":"2022-02-28T09:55:45+00:00","dateModified":"2023-03-28T06:32:53+00:00","breadcrumb":{"@id":"https:\/\/www.masharel.com\/hr\/politika-kolacica\/#breadcrumb"},"inLanguage":"hr","potentialAction":[{"@type":"ReadAction","target":["https:\/\/www.masharel.com\/hr\/politika-kolacica\/"]}]},{"@type":"BreadcrumbList","@id":"https:\/\/www.masharel.com\/hr\/politika-kolacica\/#breadcrumb","itemListElement":[{"@type":"ListItem","position":1,"name":"Po\u010detna stranica","item":"https:\/\/www.masharel.com\/hr\/"},{"@type":"ListItem","position":2,"name":"Politika kola\u010di\u0107a"}]},{"@type":"WebSite","@id":"https:\/\/www.masharel.com\/hr\/#website","url":"https:\/\/www.masharel.com\/hr\/","name":"Masharel","description":"BTX Cure","publisher":{"@id":"https:\/\/www.masharel.com\/hr\/#organization"},"potentialAction":[{"@type":"SearchAction","target":{"@type":"EntryPoint","urlTemplate":"https:\/\/www.masharel.com\/hr\/?s={search_term_string}"},"query-input":{"@type":"PropertyValueSpecification","valueRequired":true,"valueName":"search_term_string"}}],"inLanguage":"hr"},{"@type":"Organization","@id":"https:\/\/www.masharel.com\/hr\/#organization","name":"Masharel BTXCURE","url":"https:\/\/www.masharel.com\/hr\/","logo":{"@type":"ImageObject","inLanguage":"hr","@id":"https:\/\/www.masharel.com\/hr\/#\/schema\/logo\/image\/","url":"","contentUrl":"","caption":"Masharel BTXCURE"},"image":{"@id":"https:\/\/www.masharel.com\/hr\/#\/schema\/logo\/image\/"},"sameAs":["https:\/\/www.facebook.com\/masharel.btxcure","https:\/\/www.instagram.com\/masharel.btxcure\/","https:\/\/www.youtube.com\/channel\/UC0sfqZ56r_LLC_JbDPFG0Tw"]}]}},"_links":{"self":[{"href":"https:\/\/www.masharel.com\/hr\/wp-json\/wp\/v2\/pages\/86994","targetHints":{"allow":["GET"]}}],"collection":[{"href":"https:\/\/www.masharel.com\/hr\/wp-json\/wp\/v2\/pages"}],"about":[{"href":"https:\/\/www.masharel.com\/hr\/wp-json\/wp\/v2\/types\/page"}],"author":[{"embeddable":true,"href":"https:\/\/www.masharel.com\/hr\/wp-json\/wp\/v2\/users\/1"}],"replies":[{"embeddable":true,"href":"https:\/\/www.masharel.com\/hr\/wp-json\/wp\/v2\/comments?post=86994"}],"version-history":[{"count":0,"href":"https:\/\/www.masharel.com\/hr\/wp-json\/wp\/v2\/pages\/86994\/revisions"}],"wp:attachment":[{"href":"https:\/\/www.masharel.com\/hr\/wp-json\/wp\/v2\/media?parent=86994"}],"curies":[{"name":"wp","href":"https:\/\/api.w.org\/{rel}","templated":true}]}}